{"id":11448,"date":"2022-11-23T15:45:49","date_gmt":"2022-11-23T21:45:49","guid":{"rendered":"https:\/\/www.fristam.de\/karriere\/"},"modified":"2025-04-08T04:00:42","modified_gmt":"2025-04-08T09:00:42","slug":"karriere","status":"publish","type":"page","link":"https:\/\/www.fristam.de\/de\/karriere\/","title":{"rendered":"Karriere"},"content":{"rendered":"<h3>Werde Teil des Teams und hinterlasse deine Spuren bei Fristam.<\/h3>\n<p>Wir bei Fristam Pumpen sind stolz darauf, ein weltweit f\u00fchrender Anbieter von hochwertigen hygienischen Pumpen und Mischern aus Edelstahl zu sein. Mit mehr als einem Jahrhundert an Erfahrung haben wir uns einen Namen gemacht, der auf Qualit\u00e4t, Flexibilit\u00e4t und Innovation beruht. Jeder Schritt unseres Prozesses, von der Entwicklung bis zur Produktion, spiegelt unser unerm\u00fcdliches Engagement f\u00fcr Spitzenleistungen wider.<\/p>\n<p>In den letzten zehn Jahren hat Fristam ein schnelles Wachstum erlebt und drei neue Produktionsst\u00e4tten und Vertriebsb\u00fcros er\u00f6ffnet, um der steigenden Nachfrage nach unseren Produkten gerecht zu werden. Diese Expansion ist ein Beweis f\u00fcr das Vertrauen, das unsere Kunden in unsere L\u00f6sungen setzen, und f\u00fcr das Engagement unserer talentierten Teams.<\/p>\n<p>Wenn Du bei Fristam einsteigst, wirst Du Teil eines Teams mit einer gewinnenden Einstellung &#8211; wir sind eine Gruppe leidenschaftlicher Fachleute, die sich daf\u00fcr einsetzen, Grenzen zu \u00fcberschreiten und hervorragende Ergebnisse zu erzielen. Wir beliefern verschiedene Branchen, darunter Lebensmittel, Getr\u00e4nke, Pharmazeutika, Molkereiprodukte und K\u00f6rperpflegeprodukte, und wir suchen au\u00dfergew\u00f6hnliche Talente, um unser kontinuierliches Wachstum zu unterst\u00fctzen.<\/p>\n<p>Wenn Du hier aktuell keine Stelle findest, die Deinen Fachkenntnissen oder Wunschort entspricht, Du Dich aber mit unserem Unternehmen identifizieren und unsere Leidenschaft f\u00fcr Spitzenleistungen teilst, w\u00fcrden wir uns freuen, von Dir zu h\u00f6ren. Schicke uns Deinen Lebenslauf, und wir melden uns, wenn eine passende Stelle frei wird. Wir sind bestrebt, die allerbesten Talente f\u00fcr alle Bereiche unseres Unternehmens zu gewinnen, einschlie\u00dflich Finanzen, Betrieb, Vertrieb, IT und dar\u00fcber hinaus.<\/p>\n<p><strong>Sei Teil unserer spannenden Reise &#8211; komme zu Fristam Pumpen und gestalten die Zukunft unserer Branche mit!<\/strong><\/p>\n<p>Sende bitte Deinen Lebenslauf an <a href=\"mailto:info@fristam.de\">info@fristam.de<\/a> und gib dabei die Position an, f\u00fcr die Du Dich bewirbst.<\/p>\n","protected":false},"excerpt":{"rendered":"<p>Werde Teil des Teams und hinterlasse deine Spuren bei Fristam. Wir bei Fristam Pumpen sind stolz darauf, ein weltweit f\u00fchrender Anbieter von hochwertigen hygienischen Pumpen und Mischern aus Edelstahl zu sein. Mit mehr als einem Jahrhundert an Erfahrung haben wir uns einen Namen gemacht, der auf Qualit\u00e4t, Flexibilit\u00e4t und Innovation beruht. Jeder Schritt unseres Prozesses, [&hellip;]<\/p>\n","protected":false},"author":6,"featured_media":0,"parent":0,"menu_order":0,"comment_status":"closed","ping_status":"closed","template":"tpl-careers.php","meta":{"_acf_changed":false,"footnotes":""},"class_list":["post-11448","page","type-page","status-publish","hentry"],"acf":{"show_float_button":false},"_links":{"self":[{"href":"https:\/\/www.fristam.de\/de\/wp-json\/wp\/v2\/pages\/11448"}],"collection":[{"href":"https:\/\/www.fristam.de\/de\/wp-json\/wp\/v2\/pages"}],"about":[{"href":"https:\/\/www.fristam.de\/de\/wp-json\/wp\/v2\/types\/page"}],"author":[{"embeddable":true,"href":"https:\/\/www.fristam.de\/de\/wp-json\/wp\/v2\/users\/6"}],"replies":[{"embeddable":true,"href":"https:\/\/www.fristam.de\/de\/wp-json\/wp\/v2\/comments?post=11448"}],"version-history":[{"count":2,"href":"https:\/\/www.fristam.de\/de\/wp-json\/wp\/v2\/pages\/11448\/revisions"}],"predecessor-version":[{"id":11453,"href":"https:\/\/www.fristam.de\/de\/wp-json\/wp\/v2\/pages\/11448\/revisions\/11453"}],"wp:attachment":[{"href":"https:\/\/www.fristam.de\/de\/wp-json\/wp\/v2\/media?parent=11448"}],"curies":[{"name":"wp","href":"https:\/\/api.w.org\/{rel}","templated":true}]}}