{"id":11464,"date":"2025-02-26T10:17:20","date_gmt":"2025-02-26T16:17:20","guid":{"rendered":"https:\/\/www.fristam.de\/environmental-policy\/"},"modified":"2026-02-23T08:41:41","modified_gmt":"2026-02-23T14:41:41","slug":"environmental-policy","status":"publish","type":"page","link":"https:\/\/www.fristam.de\/de\/environmental-policy\/","title":{"rendered":"Environmental Policy"},"content":{"rendered":"<p><strong>Environmental Policy<\/strong><\/p>\n<p><strong>Einleitung<br \/>\n<\/strong><br \/>\nDer Schutz unserer Umwelt und der verantwortungsvolle Umgang mit ihren begrenzten Ressourcen sind unabdingbar, um diese Umwelt f\u00fcr zuk\u00fcnftige Generationen zu erhalten. Fristam tr\u00e4gt zum Schutz unserer Umwelt bei, indem Produkte und Gesch\u00e4ftsprozesse konsequent auf umwelt- und ressourcenschonende Optimierungspotenziale \u00fcberpr\u00fcft und angepasst werden.<\/p>\n<p>Fristam wird stets in \u00dcbereinstimmung mit den lokalen Normen, Vorschriften und Gesetzen handeln und den Schutz unserer Umwelt in seine Gesch\u00e4ftsentscheidungen einbeziehen.<\/p>\n<p><strong>Fristam verpflichtet sich dazu:<\/strong><\/p>\n<ul>\n<li>Sensibilisierung der Mitarbeiter f\u00fcr umweltfreundliches und ressourcenschonendes Arbeiten<\/li>\n<li>Auswahl von Lieferanten, die Umwelt- und Ressourcenschonung praktizieren<\/li>\n<li>Entwicklung von Produkten mit nachhaltiger Lebensdauer und maximaler Energieeffizienz<\/li>\n<li>Beratung der Kunden unter Nutzung der optimalen Energieeffizienz unserer Produkte<\/li>\n<li>Gestaltung der Gesch\u00e4ftsprozesse auf umweltfreundliche und ressourcenschonende Weise.<\/li>\n<\/ul>\n<p><strong>Fristam wird:<\/strong><\/p>\n<ul>\n<li>den lokalen Energie- und Wasserverbrauch \u00fcberwachen und, wenn m\u00f6glich, reduzieren,<\/li>\n<li>den Energiemix aus erneuerbaren Energien beziehen, den laufenden Energieverbrauch des Fuhrparks \u00fcberwachen und gegebenenfalls optimieren,<\/li>\n<li>Dienstreisen multimedial reduzieren,<\/li>\n<li>mobiles Arbeiten und die Nutzung \u00f6ffentlicher Verkehrsmittel, wenn m\u00f6glich, bevorzugen,<\/li>\n<li>Lieferanten in der N\u00e4he bevorzugen,<\/li>\n<li>Abf\u00e4lle vermeiden, wenn m\u00f6glich recyceln oder nach den \u00f6rtlichen Vorschriften entsorgen,<\/li>\n<li>recycelbare Materialien in Entwicklung,<\/li>\n<li>Produktion und Transport bevorzugen,<\/li>\n<li>dem Risiko von Umweltgef\u00e4hrdungen stets entgegenwirken.<\/li>\n<\/ul>\n<p>Wir erwarten von unseren Mitarbeitern, Lieferanten und anderen Beteiligten gleicherma\u00dfen, dass sie umweltbewusst handeln und diese Form der Nachhaltigkeit unterst\u00fctzen.<\/p>\n<p>&#8212;&#8212;-<br \/>\nGesch\u00e4ftsf\u00fchrer &#8211; Wolfgang Stamp<\/p>\n","protected":false},"excerpt":{"rendered":"<p>Environmental Policy Einleitung Der Schutz unserer Umwelt und der verantwortungsvolle Umgang mit ihren begrenzten Ressourcen sind unabdingbar, um diese Umwelt f\u00fcr zuk\u00fcnftige Generationen zu erhalten. Fristam tr\u00e4gt zum Schutz unserer Umwelt bei, indem Produkte und Gesch\u00e4ftsprozesse konsequent auf umwelt- und ressourcenschonende Optimierungspotenziale \u00fcberpr\u00fcft und angepasst werden. Fristam wird stets in \u00dcbereinstimmung mit den lokalen Normen, [&hellip;]<\/p>\n","protected":false},"author":6,"featured_media":0,"parent":0,"menu_order":0,"comment_status":"closed","ping_status":"closed","template":"","meta":{"_acf_changed":false,"footnotes":""},"class_list":["post-11464","page","type-page","status-publish","hentry"],"acf":{"show_float_button":false,"add_accordions":false},"_links":{"self":[{"href":"https:\/\/www.fristam.de\/de\/wp-json\/wp\/v2\/pages\/11464"}],"collection":[{"href":"https:\/\/www.fristam.de\/de\/wp-json\/wp\/v2\/pages"}],"about":[{"href":"https:\/\/www.fristam.de\/de\/wp-json\/wp\/v2\/types\/page"}],"author":[{"embeddable":true,"href":"https:\/\/www.fristam.de\/de\/wp-json\/wp\/v2\/users\/6"}],"replies":[{"embeddable":true,"href":"https:\/\/www.fristam.de\/de\/wp-json\/wp\/v2\/comments?post=11464"}],"version-history":[{"count":1,"href":"https:\/\/www.fristam.de\/de\/wp-json\/wp\/v2\/pages\/11464\/revisions"}],"predecessor-version":[{"id":12922,"href":"https:\/\/www.fristam.de\/de\/wp-json\/wp\/v2\/pages\/11464\/revisions\/12922"}],"wp:attachment":[{"href":"https:\/\/www.fristam.de\/de\/wp-json\/wp\/v2\/media?parent=11464"}],"curies":[{"name":"wp","href":"https:\/\/api.w.org\/{rel}","templated":true}]}}