{"id":12265,"date":"2022-09-15T10:18:23","date_gmt":"2022-09-15T15:18:23","guid":{"rendered":"https:\/\/www.fristam.de\/unsere-geschichte-2\/"},"modified":"2025-06-03T10:24:18","modified_gmt":"2025-06-03T15:24:18","slug":"unsere-geschichte","status":"publish","type":"page","link":"https:\/\/www.fristam.de\/de\/unsere-geschichte\/","title":{"rendered":"Unsere Geschichte"},"content":{"rendered":"","protected":false},"excerpt":{"rendered":"","protected":false},"author":6,"featured_media":0,"parent":0,"menu_order":0,"comment_status":"closed","ping_status":"closed","template":"tpl-about.php","meta":{"_acf_changed":false,"footnotes":""},"class_list":["post-12265","page","type-page","status-publish","hentry"],"acf":{"history_content":[{"header":"Hygiene, seit <br>\u00fcber 115 Jahren in unseren Genen...","text":"<p>Im Jahr 1909 begann Fristams Firmengeschichte mit der Produktion von Rahm- und K\u00e4sewannen sowie K\u00fchlanlagen f\u00fcr Molkereien durch Friederich Stamp, den Urgro\u00dfvater unseres heutigen Gesch\u00e4ftsf\u00fchrers Wolfgang Stamp und des technischen Leiters Joachim Friedsch.<\/p>\n<p>1931 wurde die erste Fristam Pumpe aus reinem Edelstahl gefertigt. Seit damals haben wir unsere Erzeugnisse kontinuierlich weiterentwickelt und unser Unternehmen immer h\u00f6her spezialisiert. So sind wir zum f\u00fchrenden Hersteller hochwertiger Pumpen und Mischanlagen f\u00fcr hygienische Anwendungen in den unterschiedlichsten Industrien geworden.<\/p>\n","image":{"ID":10421,"id":10421,"title":"history1","filename":"history1.jpg","filesize":231549,"url":"https:\/\/www.fristam.de\/wp-content\/uploads\/2025\/02\/history1.jpg","link":"https:\/\/www.fristam.de\/de\/?attachment_id=10421","alt":"History","author":"6","description":"","caption":"","name":"history1-2","status":"inherit","uploaded_to":12263,"date":"2025-02-27 14:56:58","modified":"2025-02-27 14:57:13","menu_order":0,"mime_type":"image\/jpeg","type":"image","subtype":"jpeg","icon":"https:\/\/www.fristam.de\/wp-includes\/images\/media\/default.png","width":1178,"height":661,"sizes":{"thumbnail":"https:\/\/www.fristam.de\/wp-content\/uploads\/2025\/02\/history1-150x150.jpg","thumbnail-width":150,"thumbnail-height":150,"medium":"https:\/\/www.fristam.de\/wp-content\/uploads\/2025\/02\/history1-360x202.jpg","medium-width":360,"medium-height":202,"medium_large":"https:\/\/www.fristam.de\/wp-content\/uploads\/2025\/02\/history1-768x431.jpg","medium_large-width":768,"medium_large-height":431,"large":"https:\/\/www.fristam.de\/wp-content\/uploads\/2025\/02\/history1-1140x640.jpg","large-width":1140,"large-height":640,"1536x1536":"https:\/\/www.fristam.de\/wp-content\/uploads\/2025\/02\/history1.jpg","1536x1536-width":1178,"1536x1536-height":661,"2048x2048":"https:\/\/www.fristam.de\/wp-content\/uploads\/2025\/02\/history1.jpg","2048x2048-width":1178,"2048x2048-height":661,"gform-image-choice-sm":"https:\/\/www.fristam.de\/wp-content\/uploads\/2025\/02\/history1.jpg","gform-image-choice-sm-width":300,"gform-image-choice-sm-height":168,"gform-image-choice-md":"https:\/\/www.fristam.de\/wp-content\/uploads\/2025\/02\/history1.jpg","gform-image-choice-md-width":400,"gform-image-choice-md-height":224,"gform-image-choice-lg":"https:\/\/www.fristam.de\/wp-content\/uploads\/2025\/02\/history1.jpg","gform-image-choice-lg-width":600,"gform-image-choice-lg-height":337}}},{"header":"Heute hat Fristam weltweit einen hervorragenden Ruf, insbesondere im Bezug auf Qualit\u00e4t und Innovationen.","text":"<p>Mit Produktionsstandorten in Deutschland, den USA, Indien und China stellt unsere globale Produktionspr\u00e4senz zusammen mit der lokalen Unterst\u00fctzung in \u00fcber 50 L\u00e4ndern weltweit sicher, dass Fristam eine Kombination aus erstklassigen L\u00f6sungen und Fachwissen vor Ort liefert, wo immer unsere Kunden uns brauchen. Heute sind Fristam Pumpen in vielen der weltweit f\u00fchrenden Lebensmittel-, Getr\u00e4nke-, Brauerei-, Molkerei-, biopharmazeutischen, pharmazeutischen, kosmetischen und K\u00f6rperpflege-Industrien zu finden. <\/p>\n","image":{"ID":8000,"id":8000,"title":"Image 82","filename":"Image-82.jpg","filesize":248499,"url":"https:\/\/www.fristam.de\/wp-content\/uploads\/2022\/09\/Image-82.jpg","link":"https:\/\/www.fristam.de\/de\/?attachment_id=8000","alt":"","author":"6","description":"","caption":"","name":"image-82-2","status":"inherit","uploaded_to":12263,"date":"2022-09-29 14:16:32","modified":"2022-09-29 14:16:32","menu_order":0,"mime_type":"image\/jpeg","type":"image","subtype":"jpeg","icon":"https:\/\/www.fristam.de\/wp-includes\/images\/media\/default.png","width":1846,"height":1013,"sizes":{"thumbnail":"https:\/\/www.fristam.de\/wp-content\/uploads\/2022\/09\/Image-82-150x150.jpg","thumbnail-width":150,"thumbnail-height":150,"medium":"https:\/\/www.fristam.de\/wp-content\/uploads\/2022\/09\/Image-82-360x198.jpg","medium-width":360,"medium-height":198,"medium_large":"https:\/\/www.fristam.de\/wp-content\/uploads\/2022\/09\/Image-82-768x421.jpg","medium_large-width":768,"medium_large-height":421,"large":"https:\/\/www.fristam.de\/wp-content\/uploads\/2022\/09\/Image-82-1140x626.jpg","large-width":1140,"large-height":626,"1536x1536":"https:\/\/www.fristam.de\/wp-content\/uploads\/2022\/09\/Image-82-1536x843.jpg","1536x1536-width":1536,"1536x1536-height":843,"2048x2048":"https:\/\/www.fristam.de\/wp-content\/uploads\/2022\/09\/Image-82.jpg","2048x2048-width":1846,"2048x2048-height":1013,"gform-image-choice-sm":"https:\/\/www.fristam.de\/wp-content\/uploads\/2022\/09\/Image-82.jpg","gform-image-choice-sm-width":300,"gform-image-choice-sm-height":165,"gform-image-choice-md":"https:\/\/www.fristam.de\/wp-content\/uploads\/2022\/09\/Image-82.jpg","gform-image-choice-md-width":400,"gform-image-choice-md-height":220,"gform-image-choice-lg":"https:\/\/www.fristam.de\/wp-content\/uploads\/2022\/09\/Image-82.jpg","gform-image-choice-lg-width":600,"gform-image-choice-lg-height":329}}}],"guarantees":[{"guarantee":"\u00dcbertrifft und \u00fcberdauert andere Hersteller"},{"guarantee":"Robuste Technologie"},{"guarantee":"Ma\u00dfgeschneiderte Pumpen"},{"guarantee":"Umfassende Unterst\u00fctzung nach dem Verkauf"},{"guarantee":"Eine breite Palette von Pumpentypen"},{"guarantee":"Umfassender Support"}],"accolades":[{"images":false},{"images":false},{"images":false},{"images":false},{"images":false},{"images":false}],"subheader":"\u00dcber Fristam Pumpen","header":"Fristam Pumpen - Der weltweit f\u00fchrende Hersteller von hygienischen Pumpen, seit \u00fcber 100 Jahren...","guarantee_header":"Garantierte Qualit\u00e4tsprodukte und KundenzufriedenheitGuranteed Quality Products And Satisfaction","show_float_button":false,"content":[{"header":"Qualit\u00e4t, die bleibt \u2013 die ultimative Nachhaltigkeitsstrategie","text":"<p>Fristam Pumpen sind auf Langlebigkeit ausgelegt. Viele unserer Pumpen laufen auch noch nach 30, 40 Jahren oder sogar l\u00e4nger reibungslos. Wir garantieren die Verf\u00fcgbarkeit von Ersatzteilen f\u00fcr Ihre Pumpe bis zu 50 Jahre nach Versand. Andere Pumpenmarken sind nicht auf diese Langlebigkeit ausgelegt und m\u00fcssen im gleichen Zeitraum oft mehrfach ersetzt werden. Die Wahl einer langlebigen Fristam Pumpe statt eines qualitativ weniger hochwertigen Wettbewerberprodukts reduziert Abfall und schont die Umwelt.<\/p>\n<h6 class=\"text-uppercase color-blue\">Ma\u00dfgeschneiderte L\u00f6sungen<\/h6>\n<p>Jede Fristam Pumpe wird individuell auf die spezifische Anwendung und den jeweiligen Prozess abgestimmt. Unsere Experten ber\u00fccksichtigen jeden einzelnen Punkt und jede Komponente Ihrer Produktionslinie und betrachten Ihren gesamten Prozess. Sie gewinnen tiefgehende Einblicke in die Eigenschaften Ihrer Produkte, um eine Pumpe zu entwickeln, die perfekt in Ihren Ablauf integriert werden kann. Eine passgenaue Pumpe sorgt f\u00fcr maximale Effizienz. Wir sind stolz darauf, dass es in unserer \u00fcber hundertj\u00e4hrigen Firmengeschichte keinen einzigen R\u00fcckruf einer Pumpe oder eines Produkts gibt, welches mit einer  unserer Pumpen gef\u00f6rdert wurde.<\/p>\n<h6 class=\"text-uppercase color-blue\">Support und Service<\/h6>\n<p>Mit Fristam erhalten Sie nicht nur eine Pumpe \u2013 Sie bekommen einen zuverl\u00e4ssigen Partner f\u00fcr Ihren gesamten Prozess. Wir begleiten Sie von Ihrer ersten Anfrage bis hin zur Installation Ihrer Pumpe und dar\u00fcber hinaus! Unsere Niederlassungen sind weltweit vertreten, um lokale Preise, Sprache und Service<br \/>\nsicherzustellen.<\/p>\n<p>Unser Unternehmen ist nach ISO 9001:2015 zertifiziert, was unser Engagement f\u00fcr Qualit\u00e4tsmanagement und kontinuierliche Verbesserung unterstreicht. Diese Zertifizierung wurde von LRQA Limited vergeben und best\u00e4tigt unsere Einhaltung internationaler Standards.<\/p>\n"}]},"_links":{"self":[{"href":"https:\/\/www.fristam.de\/de\/wp-json\/wp\/v2\/pages\/12265"}],"collection":[{"href":"https:\/\/www.fristam.de\/de\/wp-json\/wp\/v2\/pages"}],"about":[{"href":"https:\/\/www.fristam.de\/de\/wp-json\/wp\/v2\/types\/page"}],"author":[{"embeddable":true,"href":"https:\/\/www.fristam.de\/de\/wp-json\/wp\/v2\/users\/6"}],"replies":[{"embeddable":true,"href":"https:\/\/www.fristam.de\/de\/wp-json\/wp\/v2\/comments?post=12265"}],"version-history":[{"count":7,"href":"https:\/\/www.fristam.de\/de\/wp-json\/wp\/v2\/pages\/12265\/revisions"}],"predecessor-version":[{"id":12281,"href":"https:\/\/www.fristam.de\/de\/wp-json\/wp\/v2\/pages\/12265\/revisions\/12281"}],"wp:attachment":[{"href":"https:\/\/www.fristam.de\/de\/wp-json\/wp\/v2\/media?parent=12265"}],"curies":[{"name":"wp","href":"https:\/\/api.w.org\/{rel}","templated":true}]}}