{"id":9644,"date":"2015-07-07T16:46:06","date_gmt":"2015-07-07T21:46:06","guid":{"rendered":"https:\/\/www.fristam.de\/startseite\/"},"modified":"2026-01-14T09:56:51","modified_gmt":"2026-01-14T15:56:51","slug":"startseite","status":"publish","type":"page","link":"https:\/\/www.fristam.de\/de\/","title":{"rendered":"Startseite"},"content":{"rendered":"","protected":false},"excerpt":{"rendered":"","protected":false},"author":6,"featured_media":8319,"parent":0,"menu_order":0,"comment_status":"closed","ping_status":"closed","template":"tpl-home.php","meta":{"_acf_changed":false,"footnotes":""},"class_list":["post-9644","page","type-page","status-publish","has-post-thumbnail","hentry"],"acf":{"show_float_button":false,"hero_links":[{"hero_link":{"link_type":"existing","button_text":"Lassen Sie uns zusammenarbeiten","existing_link":false,"manual_url":"","file":false,"target":"_self"}},{"hero_link":{"link_type":"existing","button_text":"Warum Fristam Pumpen?","existing_link":false,"manual_url":"","file":false,"target":"_self"}}],"products_link":{"link_type":"existing","button_text":"ERFOLGSGESCHICHTEN ANSEHEN","existing_link":{"ID":11461,"post_author":"6","post_date":"2022-09-16 11:16:47","post_date_gmt":"2022-09-16 16:16:47","post_content":"","post_title":"Fallstudien","post_excerpt":"","post_status":"publish","comment_status":"closed","ping_status":"closed","post_password":"","post_name":"fallstudien","to_ping":"","pinged":"","post_modified":"2025-04-15 15:46:50","post_modified_gmt":"2025-04-15 20:46:50","post_content_filtered":"","post_parent":0,"guid":"https:\/\/www.fristam.de\/fallstudien\/","menu_order":0,"post_type":"page","post_mime_type":"","comment_count":"0","filter":"raw"},"manual_url":"","file":false,"target":"_self"},"float_content":[{"float_header":"Global agieren und lokal unterst\u00fctzen","float_text":"5 strategisch g\u00fcnstig gelegene Produktionsstandorte und Vertriebsb\u00fcros in \u00fcber 50 L\u00e4ndern weltweit gew\u00e4hrleisten, dass unsere Kunden \u00fcberall auf der Welt auf unsere Produkte und Dienstleistungen zugreifen k\u00f6nnen. "},{"float_header":"EXPERTEN F\u00dcR HYGIENEPUMPEN","float_text":"Im Gegensatz zu anderen Herstellern konzentriert sich Fristam seit \u00fcber 115 Jahren ausschlie\u00dflich auf Hygienepumpen. Dieses Engagement f\u00fcr Spitzenleistungen in diesem Schl\u00fcsselbereich der Verarbeitung hat uns zu den wahren Experten auf diesem Gebiet gemacht.  "}],"case_studies_link":{"link_type":"existing","button_text":"Alle Fallstudien anzeigen","existing_link":false,"manual_url":"","file":false,"target":"_self"},"case_studies":[{"case_study":{"ID":12005,"post_author":"6","post_date":"2025-02-26 09:19:28","post_date_gmt":"2025-02-26 15:19:28","post_content":"","post_title":"2 in 1 - FDS transportiert hei\u00dfen Mozzarella und CIP","post_excerpt":"","post_status":"publish","comment_status":"closed","ping_status":"closed","post_password":"","post_name":"2-pumpen-in-1-fds-transportiert-heissen-mozzarella-und-cip","to_ping":"","pinged":"","post_modified":"2025-07-22 02:02:48","post_modified_gmt":"2025-07-22 07:02:48","post_content_filtered":"","post_parent":0,"guid":"https:\/\/www.fristam.de\/case-study\/2-pumps-in-1-fds-transfers-hot-mozzarella-and-cip\/","menu_order":0,"post_type":"case-study","post_mime_type":"","comment_count":"0","filter":"raw"}},{"case_study":{"ID":12012,"post_author":"6","post_date":"2025-05-06 08:28:35","post_date_gmt":"2025-05-06 13:28:35","post_content":"","post_title":"Cola-Hersteller pumpt fruktosereichen Maissirup und CIP mit FKL","post_excerpt":"","post_status":"publish","comment_status":"closed","ping_status":"closed","post_password":"","post_name":"cola-hersteller-pumpt-fruktosereichen-maissirup-und-cip-mit-fkl","to_ping":"","pinged":"","post_modified":"2025-07-22 01:27:03","post_modified_gmt":"2025-07-22 06:27:03","post_content_filtered":"","post_parent":0,"guid":"https:\/\/www.fristam.de\/case-study\/cola-manufacturer-pumps-high-fructose-corn-syrup-cip-with-fkl\/","menu_order":23,"post_type":"case-study","post_mime_type":"","comment_count":"0","filter":"raw"}},{"case_study":{"ID":12035,"post_author":"6","post_date":"2025-05-07 15:22:08","post_date_gmt":"2025-05-07 20:22:08","post_content":"","post_title":"Fristam FDS erh\u00f6ht die Abf\u00fcllgeschwindigkeit von Kosmetika um 400% und spart 185.000\u20ac ein","post_excerpt":"","post_status":"publish","comment_status":"closed","ping_status":"closed","post_password":"","post_name":"fristam-fds-erhoeht-die-abfuellgeschwindigkeit-von-kosmetika-um-400-und-spart-185-te","to_ping":"","pinged":"","post_modified":"2026-01-14 09:50:26","post_modified_gmt":"2026-01-14 15:50:26","post_content_filtered":"","post_parent":0,"guid":"https:\/\/www.fristam.de\/case-study\/185k-savings-a-year-with-fristam-fds-twin-screw-pump\/","menu_order":0,"post_type":"case-study","post_mime_type":"","comment_count":"0","filter":"raw"}},{"case_study":{"ID":12049,"post_author":"6","post_date":"2022-09-20 16:26:44","post_date_gmt":"2022-09-20 21:26:44","post_content":"","post_title":"FKL spart bis zu 34.000 \u20ac pro Pumpenumbau ein","post_excerpt":"","post_status":"publish","comment_status":"closed","ping_status":"closed","post_password":"","post_name":"fkl-spart-bis-zu-34-000-e-pro-pumpenumbau-ein","to_ping":"","pinged":"","post_modified":"2025-07-22 02:38:53","post_modified_gmt":"2025-07-22 07:38:53","post_content_filtered":"","post_parent":0,"guid":"https:\/\/www.fristam.de\/case-study\/fkl-eliminates-19-34k-per-pump-rebuilds\/","menu_order":25,"post_type":"case-study","post_mime_type":"","comment_count":"0","filter":"raw"}}],"hero_slider_shortcode":"[rev_slider alias=\"homepage-de-1\"][\/rev_slider]","hero_subheader":"Entwickelt f\u00fcr dauerhafte Leistung","hero_header":"hochwertige Sanit\u00e4rpumpen und Mischer aus rostfreiem Stahl","hero_video_link":"https:\/\/www.youtube.com\/watch?v=IRVeJQGd7rI","products_header":"Wir helfen unseren Kunden, ihre Prozesse zu optimieren - mit Edelstahlpumpen h\u00f6chster Qualit\u00e4t.","products_content":"<h1 style=\"font-size: 20px; color: #1353a6; text-transform: uppercase; padding-bottom: 20px;\">Hochwertige Sanit\u00e4rpumpen und Mischer<br \/>\naus rostfreiem EDELStahl<\/h1>\n<div dir=\"auto\">\n<h6 style=\"color: #1353a6; text-transform: uppercase; padding-bottom: 20px;\">Bei Fristam gehen Haltbarkeit und Nachhaltigkeit Hand in Hand.<\/h6>\n<\/div>\n<div dir=\"auto\">Unsere Experten f\u00fcr Hygienepumpen ber\u00fccksichtigen die Eigenschaften Ihres Produkts, jeden Prozesspunkt und jede Variable in der Anlage. Dies garantiert die optimale Leistung und Energieeffizienz Ihrer Pumpe. Wenn Sie sich f\u00fcr eine Fristam-Pumpe entscheiden, die genau auf Ihre Anforderungen zugeschnitten ist und die sich \u00fcber eine lange Zeit bew\u00e4hren wird, t\u00e4tigen Sie eine umweltfreundliche Investition.<\/div>\n","industries_header":"Dienstleistungen f\u00fcr alle Branchen","testimonial_video_link":"https:\/\/www.youtube.com\/watch?v=lzGMIstVUfw&list=PL1gtfKLchXuykV9j98Pq3BWGeJuzzvGjt","testimonial_quote":"Je besser eine Maschine ist, desto weniger muss man daran denken. Man wei\u00df, dass man sich auf sie verlassen kann, dass sie ihre Aufgabe erf\u00fcllen und lange halten wird. ","testimonial_attribution":"Kirby Nelson - Wisconsin Brewing Company","case_studies_header":"Seit \u00fcber 115 Jahren. ","button_text":"Test Button","products_featured":[{"product":{"ID":11431,"post_author":"6","post_date":"2022-11-01 14:51:46","post_date_gmt":"2022-11-01 19:51:46","post_content":"","post_title":"FDS","post_excerpt":"","post_status":"publish","comment_status":"closed","ping_status":"closed","post_password":"","post_name":"fds","to_ping":"","pinged":"","post_modified":"2025-09-12 04:51:00","post_modified_gmt":"2025-09-12 09:51:00","post_content_filtered":"","post_parent":0,"guid":"https:\/\/www.fristam.de\/product\/fds\/","menu_order":0,"post_type":"product","post_mime_type":"","comment_count":"0","filter":"raw"}},{"product":{"ID":11647,"post_author":"6","post_date":"2024-10-07 05:00:56","post_date_gmt":"2024-10-07 10:00:56","post_content":"","post_title":"FDS-TSG","post_excerpt":"","post_status":"publish","comment_status":"closed","ping_status":"closed","post_password":"","post_name":"fds-tsg","to_ping":"","pinged":"","post_modified":"2025-09-04 16:24:59","post_modified_gmt":"2025-09-04 21:24:59","post_content_filtered":"","post_parent":0,"guid":"https:\/\/www.fristam.de\/?post_type=product&#038;p=11647","menu_order":1,"post_type":"product","post_mime_type":"","comment_count":"0","filter":"raw"}},{"product":{"ID":11429,"post_author":"6","post_date":"2024-10-07 04:59:49","post_date_gmt":"2024-10-07 09:59:49","post_content":"","post_title":"FDS Nano","post_excerpt":"","post_status":"publish","comment_status":"closed","ping_status":"closed","post_password":"","post_name":"fds-nano","to_ping":"","pinged":"","post_modified":"2026-01-12 06:38:55","post_modified_gmt":"2026-01-12 12:38:55","post_content_filtered":"","post_parent":0,"guid":"https:\/\/www.fristam.de\/product\/fds-nano\/","menu_order":2,"post_type":"product","post_mime_type":"","comment_count":"0","filter":"raw"}},{"product":{"ID":11659,"post_author":"6","post_date":"2024-10-07 04:57:53","post_date_gmt":"2024-10-07 09:57:53","post_content":"","post_title":"FL","post_excerpt":"","post_status":"publish","comment_status":"closed","ping_status":"closed","post_password":"","post_name":"fl","to_ping":"","pinged":"","post_modified":"2026-01-12 06:41:35","post_modified_gmt":"2026-01-12 12:41:35","post_content_filtered":"","post_parent":0,"guid":"https:\/\/www.fristam.de\/product\/fl\/","menu_order":3,"post_type":"product","post_mime_type":"","comment_count":"0","filter":"raw"}},{"product":{"ID":11661,"post_author":"6","post_date":"2022-09-14 14:15:10","post_date_gmt":"2022-09-14 19:15:10","post_content":"","post_title":"FKL","post_excerpt":"","post_status":"publish","comment_status":"closed","ping_status":"closed","post_password":"","post_name":"fkl","to_ping":"","pinged":"","post_modified":"2026-01-12 07:46:41","post_modified_gmt":"2026-01-12 13:46:41","post_content_filtered":"","post_parent":0,"guid":"https:\/\/www.fristam.de\/product\/fkl\/","menu_order":5,"post_type":"product","post_mime_type":"","comment_count":"0","filter":"raw"}},{"product":{"ID":11664,"post_author":"6","post_date":"2024-10-07 04:57:24","post_date_gmt":"2024-10-07 09:57:24","post_content":"","post_title":"FK","post_excerpt":"","post_status":"publish","comment_status":"closed","ping_status":"closed","post_password":"","post_name":"fk","to_ping":"","pinged":"","post_modified":"2026-01-12 06:42:31","post_modified_gmt":"2026-01-12 12:42:31","post_content_filtered":"","post_parent":0,"guid":"https:\/\/www.fristam.de\/product\/fk\/","menu_order":6,"post_type":"product","post_mime_type":"","comment_count":"0","filter":"raw"}},{"product":{"ID":11031,"post_author":"6","post_date":"2022-11-01 12:03:25","post_date_gmt":"2022-11-01 17:03:25","post_content":"","post_title":"FP","post_excerpt":"","post_status":"publish","comment_status":"closed","ping_status":"closed","post_password":"","post_name":"fp","to_ping":"","pinged":"","post_modified":"2026-01-12 07:50:36","post_modified_gmt":"2026-01-12 13:50:36","post_content_filtered":"","post_parent":0,"guid":"https:\/\/www.fristam.de\/?post_type=product&#038;p=11031","menu_order":7,"post_type":"product","post_mime_type":"","comment_count":"0","filter":"raw"}},{"product":{"ID":11651,"post_author":"6","post_date":"2022-11-01 12:04:52","post_date_gmt":"2022-11-01 17:04:52","post_content":"","post_title":"FPH","post_excerpt":"","post_status":"publish","comment_status":"closed","ping_status":"closed","post_password":"","post_name":"fph-hygienische-hochdruckpumpe","to_ping":"","pinged":"","post_modified":"2026-01-12 07:44:04","post_modified_gmt":"2026-01-12 13:44:04","post_content_filtered":"","post_parent":0,"guid":"https:\/\/www.fristam.de\/?post_type=product&#038;p=11651","menu_order":8,"post_type":"product","post_mime_type":"","comment_count":"0","filter":"raw"}},{"product":{"ID":11653,"post_author":"6","post_date":"2022-11-01 12:04:19","post_date_gmt":"2022-11-01 17:04:19","post_content":"","post_title":"FM","post_excerpt":"","post_status":"publish","comment_status":"closed","ping_status":"closed","post_password":"","post_name":"fm","to_ping":"","pinged":"","post_modified":"2026-01-12 07:45:26","post_modified_gmt":"2026-01-12 13:45:26","post_content_filtered":"","post_parent":0,"guid":"https:\/\/www.fristam.de\/product\/fm\/","menu_order":9,"post_type":"product","post_mime_type":"","comment_count":"0","filter":"raw"}},{"product":{"ID":11655,"post_author":"6","post_date":"2024-10-07 05:04:28","post_date_gmt":"2024-10-07 10:04:28","post_content":"","post_title":"FPC","post_excerpt":"","post_status":"publish","comment_status":"closed","ping_status":"closed","post_password":"","post_name":"fpc","to_ping":"","pinged":"","post_modified":"2026-01-12 06:37:09","post_modified_gmt":"2026-01-12 12:37:09","post_content_filtered":"","post_parent":0,"guid":"https:\/\/www.fristam.de\/product\/fpc\/","menu_order":10,"post_type":"product","post_mime_type":"","comment_count":"0","filter":"raw"}},{"product":{"ID":11657,"post_author":"6","post_date":"2024-10-07 05:03:29","post_date_gmt":"2024-10-07 10:03:29","post_content":"","post_title":"FZ","post_excerpt":"","post_status":"publish","comment_status":"closed","ping_status":"closed","post_password":"","post_name":"fz","to_ping":"","pinged":"","post_modified":"2026-01-12 06:25:33","post_modified_gmt":"2026-01-12 12:25:33","post_content_filtered":"","post_parent":0,"guid":"https:\/\/www.fristam.de\/product\/fz\/","menu_order":11,"post_type":"product","post_mime_type":"","comment_count":"0","filter":"raw"}},{"product":{"ID":9647,"post_author":"6","post_date":"2024-10-07 05:10:37","post_date_gmt":"2024-10-07 10:10:37","post_content":"","post_title":"FCM","post_excerpt":"","post_status":"publish","comment_status":"closed","ping_status":"closed","post_password":"","post_name":"fcm","to_ping":"","pinged":"","post_modified":"2025-11-20 13:17:16","post_modified_gmt":"2025-11-20 19:17:16","post_content_filtered":"","post_parent":0,"guid":"https:\/\/www.fristam.de\/product\/fcm\/","menu_order":16,"post_type":"product","post_mime_type":"","comment_count":"0","filter":"raw"}},{"product":{"ID":11649,"post_author":"6","post_date":"2024-10-07 05:10:04","post_date_gmt":"2024-10-07 10:10:04","post_content":"","post_title":"FSP","post_excerpt":"","post_status":"publish","comment_status":"closed","ping_status":"closed","post_password":"","post_name":"fsp","to_ping":"","pinged":"","post_modified":"2026-01-12 06:20:41","post_modified_gmt":"2026-01-12 12:20:41","post_content_filtered":"","post_parent":0,"guid":"https:\/\/www.fristam.de\/product\/fsp\/","menu_order":15,"post_type":"product","post_mime_type":"","comment_count":"0","filter":"raw"}},{"product":{"ID":11650,"post_author":"6","post_date":"2022-11-11 15:48:34","post_date_gmt":"2022-11-11 21:48:34","post_content":"","post_title":"MISCHEN & VERMENGEN","post_excerpt":"","post_status":"publish","comment_status":"closed","ping_status":"closed","post_password":"","post_name":"mischen-und-vermengen","to_ping":"","pinged":"","post_modified":"2026-01-12 07:31:40","post_modified_gmt":"2026-01-12 13:31:40","post_content_filtered":"","post_parent":0,"guid":"https:\/\/www.fristam.de\/?post_type=product&#038;p=11650","menu_order":12,"post_type":"product","post_mime_type":"","comment_count":"0","filter":"raw"}}],"select_studies":false,"hero_image":{"ID":8319,"id":8319,"title":"Fristam Updated","filename":"fristam-updated.jpg","filesize":602255,"url":"https:\/\/www.fristam.de\/wp-content\/uploads\/2023\/05\/fristam-updated.jpg","link":"https:\/\/www.fristam.de\/de\/startseite\/fristam-updated-2\/","alt":"","author":"6","description":"","caption":"","name":"fristam-updated-2","status":"inherit","uploaded_to":9644,"date":"2023-05-03 21:21:36","modified":"2024-10-17 11:40:46","menu_order":0,"mime_type":"image\/jpeg","type":"image","subtype":"jpeg","icon":"https:\/\/www.fristam.de\/wp-includes\/images\/media\/default.png","width":1351,"height":896,"sizes":{"thumbnail":"https:\/\/www.fristam.de\/wp-content\/uploads\/2023\/05\/fristam-updated-150x150.jpg","thumbnail-width":150,"thumbnail-height":150,"medium":"https:\/\/www.fristam.de\/wp-content\/uploads\/2023\/05\/fristam-updated-360x239.jpg","medium-width":360,"medium-height":239,"medium_large":"https:\/\/www.fristam.de\/wp-content\/uploads\/2023\/05\/fristam-updated-768x509.jpg","medium_large-width":768,"medium_large-height":509,"large":"https:\/\/www.fristam.de\/wp-content\/uploads\/2023\/05\/fristam-updated-1140x756.jpg","large-width":1140,"large-height":756,"1536x1536":"https:\/\/www.fristam.de\/wp-content\/uploads\/2023\/05\/fristam-updated.jpg","1536x1536-width":1351,"1536x1536-height":896,"2048x2048":"https:\/\/www.fristam.de\/wp-content\/uploads\/2023\/05\/fristam-updated.jpg","2048x2048-width":1351,"2048x2048-height":896,"gform-image-choice-sm":"https:\/\/www.fristam.de\/wp-content\/uploads\/2023\/05\/fristam-updated.jpg","gform-image-choice-sm-width":300,"gform-image-choice-sm-height":199,"gform-image-choice-md":"https:\/\/www.fristam.de\/wp-content\/uploads\/2023\/05\/fristam-updated.jpg","gform-image-choice-md-width":400,"gform-image-choice-md-height":265,"gform-image-choice-lg":"https:\/\/www.fristam.de\/wp-content\/uploads\/2023\/05\/fristam-updated.jpg","gform-image-choice-lg-width":600,"gform-image-choice-lg-height":398}},"testimonial_image":{"ID":7984,"id":7984,"title":"Home Test","filename":"home-test.jpg","filesize":961245,"url":"https:\/\/www.fristam.de\/wp-content\/uploads\/2022\/09\/home-test.jpg","link":"https:\/\/www.fristam.de\/de\/startseite\/home-test-2\/","alt":"","author":"6","description":"","caption":"","name":"home-test-2","status":"inherit","uploaded_to":9644,"date":"2022-09-16 16:31:15","modified":"2024-10-17 11:40:46","menu_order":0,"mime_type":"image\/jpeg","type":"image","subtype":"jpeg","icon":"https:\/\/www.fristam.de\/wp-includes\/images\/media\/default.png","width":1906,"height":1360,"sizes":{"thumbnail":"https:\/\/www.fristam.de\/wp-content\/uploads\/2022\/09\/home-test-150x150.jpg","thumbnail-width":150,"thumbnail-height":150,"medium":"https:\/\/www.fristam.de\/wp-content\/uploads\/2022\/09\/home-test-360x257.jpg","medium-width":360,"medium-height":257,"medium_large":"https:\/\/www.fristam.de\/wp-content\/uploads\/2022\/09\/home-test-768x548.jpg","medium_large-width":768,"medium_large-height":548,"large":"https:\/\/www.fristam.de\/wp-content\/uploads\/2022\/09\/home-test-1140x813.jpg","large-width":1140,"large-height":813,"1536x1536":"https:\/\/www.fristam.de\/wp-content\/uploads\/2022\/09\/home-test-1536x1096.jpg","1536x1536-width":1536,"1536x1536-height":1096,"2048x2048":"https:\/\/www.fristam.de\/wp-content\/uploads\/2022\/09\/home-test.jpg","2048x2048-width":1906,"2048x2048-height":1360,"gform-image-choice-sm":"https:\/\/www.fristam.de\/wp-content\/uploads\/2022\/09\/home-test.jpg","gform-image-choice-sm-width":300,"gform-image-choice-sm-height":214,"gform-image-choice-md":"https:\/\/www.fristam.de\/wp-content\/uploads\/2022\/09\/home-test.jpg","gform-image-choice-md-width":400,"gform-image-choice-md-height":285,"gform-image-choice-lg":"https:\/\/www.fristam.de\/wp-content\/uploads\/2022\/09\/home-test.jpg","gform-image-choice-lg-width":600,"gform-image-choice-lg-height":428}},"float_background":{"ID":12917,"id":12917,"title":"hp-group-bg","filename":"hp-group-bg.jpg","filesize":377551,"url":"https:\/\/www.fristam.de\/wp-content\/uploads\/2026\/01\/hp-group-bg.jpg","link":"https:\/\/www.fristam.de\/de\/startseite\/hp-group-bg-2\/","alt":"","author":"6","description":"","caption":"","name":"hp-group-bg-2","status":"inherit","uploaded_to":9644,"date":"2026-01-20 16:37:43","modified":"2026-01-20 16:37:43","menu_order":0,"mime_type":"image\/jpeg","type":"image","subtype":"jpeg","icon":"https:\/\/www.fristam.de\/wp-includes\/images\/media\/default.png","width":1920,"height":1283,"sizes":{"thumbnail":"https:\/\/www.fristam.de\/wp-content\/uploads\/2026\/01\/hp-group-bg-150x150.jpg","thumbnail-width":150,"thumbnail-height":150,"medium":"https:\/\/www.fristam.de\/wp-content\/uploads\/2026\/01\/hp-group-bg-360x241.jpg","medium-width":360,"medium-height":241,"medium_large":"https:\/\/www.fristam.de\/wp-content\/uploads\/2026\/01\/hp-group-bg-768x513.jpg","medium_large-width":768,"medium_large-height":513,"large":"https:\/\/www.fristam.de\/wp-content\/uploads\/2026\/01\/hp-group-bg-1140x762.jpg","large-width":1140,"large-height":762,"1536x1536":"https:\/\/www.fristam.de\/wp-content\/uploads\/2026\/01\/hp-group-bg-1536x1026.jpg","1536x1536-width":1536,"1536x1536-height":1026,"2048x2048":"https:\/\/www.fristam.de\/wp-content\/uploads\/2026\/01\/hp-group-bg.jpg","2048x2048-width":1920,"2048x2048-height":1283,"gform-image-choice-sm":"https:\/\/www.fristam.de\/wp-content\/uploads\/2026\/01\/hp-group-bg.jpg","gform-image-choice-sm-width":300,"gform-image-choice-sm-height":200,"gform-image-choice-md":"https:\/\/www.fristam.de\/wp-content\/uploads\/2026\/01\/hp-group-bg.jpg","gform-image-choice-md-width":400,"gform-image-choice-md-height":267,"gform-image-choice-lg":"https:\/\/www.fristam.de\/wp-content\/uploads\/2026\/01\/hp-group-bg.jpg","gform-image-choice-lg-width":600,"gform-image-choice-lg-height":401}}},"_links":{"self":[{"href":"https:\/\/www.fristam.de\/de\/wp-json\/wp\/v2\/pages\/9644"}],"collection":[{"href":"https:\/\/www.fristam.de\/de\/wp-json\/wp\/v2\/pages"}],"about":[{"href":"https:\/\/www.fristam.de\/de\/wp-json\/wp\/v2\/types\/page"}],"author":[{"embeddable":true,"href":"https:\/\/www.fristam.de\/de\/wp-json\/wp\/v2\/users\/6"}],"replies":[{"embeddable":true,"href":"https:\/\/www.fristam.de\/de\/wp-json\/wp\/v2\/comments?post=9644"}],"version-history":[{"count":13,"href":"https:\/\/www.fristam.de\/de\/wp-json\/wp\/v2\/pages\/9644\/revisions"}],"predecessor-version":[{"id":12898,"href":"https:\/\/www.fristam.de\/de\/wp-json\/wp\/v2\/pages\/9644\/revisions\/12898"}],"wp:featuredmedia":[{"embeddable":true,"href":"https:\/\/www.fristam.de\/de\/wp-json\/wp\/v2\/media\/8319"}],"wp:attachment":[{"href":"https:\/\/www.fristam.de\/de\/wp-json\/wp\/v2\/media?parent=9644"}],"curies":[{"name":"wp","href":"https:\/\/api.w.org\/{rel}","templated":true}]}}